{"id":28,"date":"2020-01-22T15:24:09","date_gmt":"2020-01-22T14:24:09","guid":{"rendered":"http:\/\/www.lascheid.net\/?page_id=28"},"modified":"2020-01-22T15:24:10","modified_gmt":"2020-01-22T14:24:10","slug":"impressum","status":"publish","type":"page","link":"http:\/\/www.lascheid.net\/?page_id=28","title":{"rendered":"Impressum"},"content":{"rendered":"\n<p>Ortsgemeinde Lascheid<br>\n\u00fcber<br>\nVerbandsgemeindeverwaltung Arzfeld<br>\nLuxemburger Stra\u00dfe 6<br>\n54687 Arzfeld<br>\nTelefon: 06550 &#8211; 9740<br>\nE-Mail: info (at) lascheid.net<br>\nInternet: www.lascheid.net<\/p>\n\n\n\n<p>Die Ortsgemeinde Lascheid ist eine K\u00f6rperschaft des \u00f6ffentlichen Rechts. Sie wird vertreten durch den Ortsb\u00fcrgermeister.<\/p>\n\n\n\n<p>Haftungshinweis:<br>\nTrotz sorgf\u00e4ltiger inhaltlicher Kontrolle \u00fcbernehmen wir keine Haftung f\u00fcr die Inhalte externer Links. F\u00fcr den Inhalt der verlinkten Seiten sind ausschlie\u00dflich deren Betreiber verantwortlich!<\/p>\n\n\n\n<p>Luftbild:<br>\nWFL-GmbH<br>\nSchie\u00dfhausstra\u00dfe 14<br>\n97228 Rottendorf<br>\nTel.: 09302-90810<br>\nFax: 09302-908141<\/p>\n\n\n\n<p>Autor:<br>\nVerbandsgemeindeverwaltung Arzfeld<br>\nE-Mail: webmaster (at) lascheid.net<\/p>\n","protected":false},"excerpt":{"rendered":"<p>Ortsgemeinde Lascheid \u00fcber Verbandsgemeindeverwaltung Arzfeld Luxemburger Stra\u00dfe 6 54687 Arzfeld Telefon: 06550 &#8211; 9740 E-Mail: info (at) lascheid.net Internet: www.lascheid.net Die Ortsgemeinde Lascheid ist eine K\u00f6rperschaft des \u00f6ffentlichen Rechts. Sie wird vertreten durch den Ortsb\u00fcrgermeister. Haftungshinweis: Trotz sorgf\u00e4ltiger inhaltlicher Kontrolle<\/p>\n","protected":false},"author":1,"featured_media":0,"parent":0,"menu_order":0,"comment_status":"closed","ping_status":"closed","template":"","meta":{"footnotes":""},"class_list":["post-28","page","type-page","status-publish","hentry"],"_links":{"self":[{"href":"http:\/\/www.lascheid.net\/index.php?rest_route=\/wp\/v2\/pages\/28","targetHints":{"allow":["GET"]}}],"collection":[{"href":"http:\/\/www.lascheid.net\/index.php?rest_route=\/wp\/v2\/pages"}],"about":[{"href":"http:\/\/www.lascheid.net\/index.php?rest_route=\/wp\/v2\/types\/page"}],"author":[{"embeddable":true,"href":"http:\/\/www.lascheid.net\/index.php?rest_route=\/wp\/v2\/users\/1"}],"replies":[{"embeddable":true,"href":"http:\/\/www.lascheid.net\/index.php?rest_route=%2Fwp%2Fv2%2Fcomments&post=28"}],"version-history":[{"count":1,"href":"http:\/\/www.lascheid.net\/index.php?rest_route=\/wp\/v2\/pages\/28\/revisions"}],"predecessor-version":[{"id":29,"href":"http:\/\/www.lascheid.net\/index.php?rest_route=\/wp\/v2\/pages\/28\/revisions\/29"}],"wp:attachment":[{"href":"http:\/\/www.lascheid.net\/index.php?rest_route=%2Fwp%2Fv2%2Fmedia&parent=28"}],"curies":[{"name":"wp","href":"https:\/\/api.w.org\/{rel}","templated":true}]}}